{"id":8,"date":"2023-06-20T05:15:35","date_gmt":"2023-06-20T05:15:35","guid":{"rendered":"https:\/\/thesounddesignerblog.com\/?page_id=8"},"modified":"2023-09-14T09:39:53","modified_gmt":"2023-09-14T09:39:53","slug":"create-your-website-with-blocks","status":"publish","type":"page","link":"https:\/\/thesounddesignerblog.com\/pt\/","title":{"rendered":"M\u00fasica, viagem e entretenimento"},"content":{"rendered":"<ul class=\"wp-block-latest-posts__list wp-block-latest-posts\"><li><a class=\"wp-block-latest-posts__post-title\" href=\"https:\/\/thesounddesignerblog.com\/pt\/travel\/samba-sun-and-sights-a-vibrant-journey-through-brazil\/\">Samba, Sol e Paisagens: Uma Viagem Vibrante pelo Brasil<\/a><\/li>\n<li><a class=\"wp-block-latest-posts__post-title\" href=\"https:\/\/thesounddesignerblog.com\/pt\/travel\/moroccan-mosaics-discovering-the-art-and-architecture-of-morocco\/\">Mosaicos Marroquinos: Descobrindo a Arte e a Arquitetura do Marrocos<\/a><\/li>\n<li><a class=\"wp-block-latest-posts__post-title\" href=\"https:\/\/thesounddesignerblog.com\/pt\/travel\/sounds-of-the-sahara-an-enchanting-journey-through-moroccan-music\/\">Sons do Saara: Uma Jornada Encantadora pela M\u00fasica Marroquina<\/a><\/li>\n<li><a class=\"wp-block-latest-posts__post-title\" href=\"https:\/\/thesounddesignerblog.com\/pt\/travel\/icelands-harmonic-wonders-a-quest-for-the-otherworldly-sounds-of-reykjavik\/\">Maravilhas Harm\u00f4nicas da Isl\u00e2ndia: Em Busca dos Sons Sobrenaturais de Reykjavik<\/a><\/li>\n<li><a class=\"wp-block-latest-posts__post-title\" href=\"https:\/\/thesounddesignerblog.com\/pt\/music\/the-language-of-harmony-how-music-unites-cultures-worldwide\/\">A Linguagem da Harmonia: Como a M\u00fasica Une Culturas em Todo o Mundo<\/a><\/li>\n<li><a class=\"wp-block-latest-posts__post-title\" href=\"https:\/\/thesounddesignerblog.com\/pt\/travel\/barcelonas-palau-de-la-musica-a-modernist-gem-for-music-lovers\/\">Palau de la M\u00fasica de Barcelona: Uma J\u00f3ia Modernista para os Amantes da M\u00fasica<\/a><\/li>\n<li><a class=\"wp-block-latest-posts__post-title\" href=\"https:\/\/thesounddesignerblog.com\/pt\/music\/musical-grandeur-the-legacy-of-the-royal-albert-hall-in-london\/\">Grandiosidade Musical: O Legado do Royal Albert Hall em Londres<\/a><\/li>\n<li><a class=\"wp-block-latest-posts__post-title\" href=\"https:\/\/thesounddesignerblog.com\/pt\/music\/the-russian-stage-a-journey-through-moscows-bolshoi-theatre\/\">O Palco Russo: Uma Jornada pelo Teatro Bolshoi de Moscou<\/a><\/li>\n<li><a class=\"wp-block-latest-posts__post-title\" href=\"https:\/\/thesounddesignerblog.com\/pt\/travel\/harmony-in-stone-exploring-the-acoustics-of-viennas-musikverein\/\">Harmonia em Pedra: Explorando a Ac\u00fastica da Musikverein de Viena<\/a><\/li>\n<li><a class=\"wp-block-latest-posts__post-title\" href=\"https:\/\/thesounddesignerblog.com\/pt\/music\/tuning-the-future-a-deep-dive-into-ai-driven-music-creation-and-innovation\/\">Sintonizando o Futuro: Uma Profunda Explora\u00e7\u00e3o na Cria\u00e7\u00e3o de M\u00fasica impulsionada por IA e Inova\u00e7\u00e3o<\/a><\/li>\n<li><a class=\"wp-block-latest-posts__post-title\" href=\"https:\/\/thesounddesignerblog.com\/pt\/music\/palais-garnier-paris-france\/\">Palais Garnier &#8211; Paris, Fran\u00e7a<\/a><\/li>\n<li><a class=\"wp-block-latest-posts__post-title\" href=\"https:\/\/thesounddesignerblog.com\/pt\/travel\/immersive-opera-experiences-where-the-magic-comes-to-life\/\">Experi\u00eancias Imersivas de \u00d3pera: Onde a Magia Ganha Vida<\/a><\/li>\n<li><a class=\"wp-block-latest-posts__post-title\" href=\"https:\/\/thesounddesignerblog.com\/pt\/music\/freddie-mercury-a-game-changer-in-the-world-of-music\/\">Freddie Mercury: Um Revolucion\u00e1rio no Mundo da M\u00fasica<\/a><\/li>\n<li><a class=\"wp-block-latest-posts__post-title\" href=\"https:\/\/thesounddesignerblog.com\/pt\/music\/musical-magic-in-london-unveiling-the-must-see-shows\/\">Magia Musical em Londres: Revelando os Espet\u00e1culos Imperd\u00edveis<\/a><\/li>\n<li><a class=\"wp-block-latest-posts__post-title\" href=\"https:\/\/thesounddesignerblog.com\/pt\/music\/abba-from-music-to-musical\/\">ABBA da M\u00fasica para o Musical<\/a><\/li>\n<li><a class=\"wp-block-latest-posts__post-title\" href=\"https:\/\/thesounddesignerblog.com\/pt\/travel\/festival-in-buenos-aires-the-lively-spirit-of-south-america\/\">Festival em Buenos Aires: O Esp\u00edrito Vibrante da Am\u00e9rica do Sul!<\/a><\/li>\n<li><a class=\"wp-block-latest-posts__post-title\" href=\"https:\/\/thesounddesignerblog.com\/pt\/travel\/cancun-after-dark\/\">Cancun Ap\u00f3s o Anoitecer<\/a><\/li>\n<li><a class=\"wp-block-latest-posts__post-title\" href=\"https:\/\/thesounddesignerblog.com\/pt\/travel\/the-birthplace-of-blues\/\">O Ber\u00e7o do Blues: Explorando o Patrim\u00f4nio Musical do Mississippi<\/a><\/li>\n<li><a class=\"wp-block-latest-posts__post-title\" href=\"https:\/\/thesounddesignerblog.com\/pt\/travel\/exploring-destinations-in-europe\/\">Revelando as Joias Escondidas: Explorando Destinos Pouco Conhecidos na Europa<\/a><\/li>\n<li><a class=\"wp-block-latest-posts__post-title\" href=\"https:\/\/thesounddesignerblog.com\/pt\/travel\/streets-of-lima\/\">Explorando as Vibrantes Ruas de Lima: Revelando os Encantos Culturais da Capital do Peru<\/a><\/li>\n<li><a class=\"wp-block-latest-posts__post-title\" href=\"https:\/\/thesounddesignerblog.com\/pt\/music\/avicii-the-journey-of-a-musical-pioneer\/\">Avicii: A Jornada de um Pioneiro Musical<\/a><\/li>\n<li><a class=\"wp-block-latest-posts__post-title\" href=\"https:\/\/thesounddesignerblog.com\/pt\/travel\/the-sydney-opera-house\/\">A \u00d3pera de Sydney: Um Marco Cultural e \u00cdcone Global<\/a><\/li>\n<\/ul>","protected":false},"excerpt":{"rendered":"","protected":false},"author":1,"featured_media":133,"parent":0,"menu_order":0,"comment_status":"closed","ping_status":"closed","template":"","meta":{"footnotes":""},"class_list":["post-8","page","type-page","status-publish","has-post-thumbnail","hentry","entry"],"translation":{"provider":"WPGlobus","version":"3.0.2","language":"pt","enabled_languages":["en","pt","sv"],"languages":{"en":{"title":true,"content":true,"excerpt":false},"pt":{"title":true,"content":true,"excerpt":false},"sv":{"title":true,"content":true,"excerpt":false}}},"_links":{"self":[{"href":"https:\/\/thesounddesignerblog.com\/pt\/wp-json\/wp\/v2\/pages\/8","targetHints":{"allow":["GET"]}}],"collection":[{"href":"https:\/\/thesounddesignerblog.com\/pt\/wp-json\/wp\/v2\/pages"}],"about":[{"href":"https:\/\/thesounddesignerblog.com\/pt\/wp-json\/wp\/v2\/types\/page"}],"author":[{"embeddable":true,"href":"https:\/\/thesounddesignerblog.com\/pt\/wp-json\/wp\/v2\/users\/1"}],"replies":[{"embeddable":true,"href":"https:\/\/thesounddesignerblog.com\/pt\/wp-json\/wp\/v2\/comments?post=8"}],"version-history":[{"count":4,"href":"https:\/\/thesounddesignerblog.com\/pt\/wp-json\/wp\/v2\/pages\/8\/revisions"}],"predecessor-version":[{"id":40,"href":"https:\/\/thesounddesignerblog.com\/pt\/wp-json\/wp\/v2\/pages\/8\/revisions\/40"}],"wp:featuredmedia":[{"embeddable":true,"href":"https:\/\/thesounddesignerblog.com\/pt\/wp-json\/wp\/v2\/media\/133"}],"wp:attachment":[{"href":"https:\/\/thesounddesignerblog.com\/pt\/wp-json\/wp\/v2\/media?parent=8"}],"curies":[{"name":"wp","href":"https:\/\/api.w.org\/{rel}","templated":true}]}}